{"id":65,"date":"2026-01-11T14:11:09","date_gmt":"2026-01-11T14:11:09","guid":{"rendered":"http:\/\/projekt.dolmetscher-global.de\/wisetrips-about-page\/"},"modified":"2026-01-23T10:07:06","modified_gmt":"2026-01-23T10:07:06","slug":"ueber-uns","status":"publish","type":"page","link":"https:\/\/dolmetscher-global.de\/en\/ueber-uns\/","title":{"rendered":"About Us"},"content":{"rendered":"<div data-elementor-type=\"wp-page\" data-elementor-id=\"65\" class=\"elementor elementor-65\">\n\t\t\t\t\t\t<section class=\"elementor-section elementor-top-section elementor-element elementor-element-6087c70 elementor-section-boxed elementor-section-height-default elementor-section-height-default\" data-id=\"6087c70\" data-element_type=\"section\" data-e-type=\"section\" data-settings=\"{&quot;background_background&quot;:&quot;classic&quot;,&quot;shape_divider_bottom&quot;:&quot;opacity-tilt&quot;}\">\n\t\t\t\t\t<div class=\"elementor-shape elementor-shape-bottom\" aria-hidden=\"true\" data-negative=\"false\">\n\t\t\t<svg xmlns=\"http:\/\/www.w3.org\/2000\/svg\" viewbox=\"0 0 2600 131.1\" preserveaspectratio=\"none\">\n\t<path class=\"elementor-shape-fill\" d=\"M0 0L2600 0 2600 69.1 0 0z\"\/>\n\t<path class=\"elementor-shape-fill\" style=\"opacity:0.5\" d=\"M0 0L2600 0 2600 69.1 0 69.1z\"\/>\n\t<path class=\"elementor-shape-fill\" style=\"opacity:0.25\" d=\"M2600 0L0 0 0 130.1 2600 69.1z\"\/>\n<\/svg>\t\t<\/div>\n\t\t\t\t\t<div class=\"elementor-container elementor-column-gap-default\">\n\t\t\t\t\t<div class=\"elementor-column elementor-col-100 elementor-top-column elementor-element elementor-element-bc71671\" data-id=\"bc71671\" data-element_type=\"column\" data-e-type=\"column\" data-settings=\"{&quot;background_background&quot;:&quot;classic&quot;}\">\n\t\t\t<div class=\"elementor-widget-wrap elementor-element-populated\">\n\t\t\t\t\t\t<section class=\"elementor-section elementor-inner-section elementor-element elementor-element-d718433 elementor-reverse-mobile elementor-section-boxed elementor-section-height-default elementor-section-height-default\" data-id=\"d718433\" data-element_type=\"section\" data-e-type=\"section\">\n\t\t\t\t\t\t<div class=\"elementor-container elementor-column-gap-no\">\n\t\t\t\t\t<div class=\"elementor-column elementor-col-50 elementor-inner-column elementor-element elementor-element-68669bd\" data-id=\"68669bd\" data-element_type=\"column\" data-e-type=\"column\">\n\t\t\t<div class=\"elementor-widget-wrap elementor-element-populated\">\n\t\t\t\t\t\t<div class=\"elementor-element elementor-element-0998c66 animated-slow elementor-invisible elementor-widget elementor-widget-heading\" data-id=\"0998c66\" data-element_type=\"widget\" data-e-type=\"widget\" data-settings=\"{&quot;_animation&quot;:&quot;fadeInRight&quot;}\" data-widget_type=\"heading.default\">\n\t\t\t\t\t<span class=\"elementor-heading-title elementor-size-default\">Global \u2013 Interpreting &amp; Translation Agency<\/span>\t\t\t\t<\/div>\n\t\t\t\t<div class=\"elementor-element elementor-element-9e0cbbf animated-slow elementor-invisible elementor-widget elementor-widget-heading\" data-id=\"9e0cbbf\" data-element_type=\"widget\" data-e-type=\"widget\" data-settings=\"{&quot;_animation&quot;:&quot;fadeIn&quot;,&quot;_animation_delay&quot;:400}\" data-widget_type=\"heading.default\">\n\t\t\t\t\t<h1 class=\"elementor-heading-title elementor-size-default\">About Us<\/h1>\t\t\t\t<\/div>\n\t\t\t\t<div class=\"elementor-element elementor-element-8a11332 elementor-widget elementor-widget-text-editor\" data-id=\"8a11332\" data-element_type=\"widget\" data-e-type=\"widget\" data-widget_type=\"text-editor.default\">\n\t\t\t\t\t\t\t\t\t<p><strong data-start=\"392\" data-end=\"430\">Global \u2013 Interpreting &amp; Translation Agency<\/strong> For over <strong data-start=\"447\" data-end=\"460\">10 years,<\/strong> we <strong data-start=\"465\" data-end=\"506\">have stood for professional language services<\/strong> of the highest quality. We specialize in <strong data-start=\"546\" data-end=\"584\">government and municipal assignments,<\/strong>, <strong data-start=\"586\" data-end=\"616\">business support,<\/strong>, <strong data-start=\"618\" data-end=\"650\">rade fair and conference services<\/strong> and <strong data-start=\"657\" data-end=\"689\">international<\/strong> translations.<\/p>\t\t\t\t\t\t\t\t<\/div>\n\t\t\t\t\t<\/div>\n\t\t<\/div>\n\t\t\t\t<div class=\"elementor-column elementor-col-50 elementor-inner-column elementor-element elementor-element-07721cd\" data-id=\"07721cd\" data-element_type=\"column\" data-e-type=\"column\">\n\t\t\t<div class=\"elementor-widget-wrap elementor-element-populated\">\n\t\t\t\t\t\t<div class=\"elementor-element elementor-element-c59160b elementor-hidden-mobile elementor-widget elementor-widget-image\" data-id=\"c59160b\" data-element_type=\"widget\" data-e-type=\"widget\" data-widget_type=\"image.default\">\n\t\t\t\t\t\t\t\t\t\t\t\t\t\t\t<img fetchpriority=\"high\" decoding=\"async\" width=\"800\" height=\"266\" src=\"https:\/\/dolmetscher-global.de\/wp-content\/uploads\/2026\/01\/Golbal-Dolmetscher-Uebersetzungsbuero-white-1024x341.png\" class=\"attachment-large size-large wp-image-135\" alt=\"\" srcset=\"https:\/\/dolmetscher-global.de\/wp-content\/uploads\/2026\/01\/Golbal-Dolmetscher-Uebersetzungsbuero-white-1024x341.png 1024w, https:\/\/dolmetscher-global.de\/wp-content\/uploads\/2026\/01\/Golbal-Dolmetscher-Uebersetzungsbuero-white-300x100.png 300w, https:\/\/dolmetscher-global.de\/wp-content\/uploads\/2026\/01\/Golbal-Dolmetscher-Uebersetzungsbuero-white-768x256.png 768w, https:\/\/dolmetscher-global.de\/wp-content\/uploads\/2026\/01\/Golbal-Dolmetscher-Uebersetzungsbuero-white.png 1200w\" sizes=\"(max-width: 800px) 100vw, 800px\" \/>\t\t\t\t\t\t\t\t\t\t\t\t\t\t\t<\/div>\n\t\t\t\t\t<\/div>\n\t\t<\/div>\n\t\t\t\t\t<\/div>\n\t\t<\/section>\n\t\t\t\t\t<\/div>\n\t\t<\/div>\n\t\t\t\t\t<\/div>\n\t\t<\/section>\n\t\t\t\t<section class=\"elementor-section elementor-top-section elementor-element elementor-element-8a6ce4b elementor-section-full_width elementor-section-height-default elementor-section-height-default\" data-id=\"8a6ce4b\" data-element_type=\"section\" data-e-type=\"section\" data-settings=\"{&quot;shape_divider_top&quot;:&quot;opacity-tilt&quot;}\">\n\t\t\t\t\t<div class=\"elementor-shape elementor-shape-top\" aria-hidden=\"true\" data-negative=\"false\">\n\t\t\t<svg xmlns=\"http:\/\/www.w3.org\/2000\/svg\" viewbox=\"0 0 2600 131.1\" preserveaspectratio=\"none\">\n\t<path class=\"elementor-shape-fill\" d=\"M0 0L2600 0 2600 69.1 0 0z\"\/>\n\t<path class=\"elementor-shape-fill\" style=\"opacity:0.5\" d=\"M0 0L2600 0 2600 69.1 0 69.1z\"\/>\n\t<path class=\"elementor-shape-fill\" style=\"opacity:0.25\" d=\"M2600 0L0 0 0 130.1 2600 69.1z\"\/>\n<\/svg>\t\t<\/div>\n\t\t\t\t\t<div class=\"elementor-container elementor-column-gap-no\">\n\t\t\t\t\t<div class=\"elementor-column elementor-col-100 elementor-top-column elementor-element elementor-element-76a099b\" data-id=\"76a099b\" data-element_type=\"column\" data-e-type=\"column\">\n\t\t\t<div class=\"elementor-widget-wrap elementor-element-populated\">\n\t\t\t\t\t\t<section class=\"elementor-section elementor-inner-section elementor-element elementor-element-6218c57 elementor-section-boxed elementor-section-height-default elementor-section-height-default\" data-id=\"6218c57\" data-element_type=\"section\" data-e-type=\"section\">\n\t\t\t\t\t\t<div class=\"elementor-container elementor-column-gap-default\">\n\t\t\t\t\t<div class=\"elementor-column elementor-col-50 elementor-inner-column elementor-element elementor-element-0dfc778\" data-id=\"0dfc778\" data-element_type=\"column\" data-e-type=\"column\">\n\t\t\t<div class=\"elementor-widget-wrap elementor-element-populated\">\n\t\t\t\t\t\t<div class=\"elementor-element elementor-element-e8b5572 elementor-widget elementor-widget-image\" data-id=\"e8b5572\" data-element_type=\"widget\" data-e-type=\"widget\" data-widget_type=\"image.default\">\n\t\t\t\t\t\t\t\t\t\t\t\t\t\t\t<img decoding=\"async\" width=\"800\" height=\"267\" src=\"https:\/\/dolmetscher-global.de\/wp-content\/uploads\/2026\/01\/Golbal-Dolmetscher-Uebersetzungsbuero-blue.png\" class=\"attachment-large size-large wp-image-134\" alt=\"\" \/>\t\t\t\t\t\t\t\t\t\t\t\t\t\t\t<\/div>\n\t\t\t\t\t<\/div>\n\t\t<\/div>\n\t\t\t\t<div class=\"elementor-column elementor-col-50 elementor-inner-column elementor-element elementor-element-226928c\" data-id=\"226928c\" data-element_type=\"column\" data-e-type=\"column\">\n\t\t\t<div class=\"elementor-widget-wrap elementor-element-populated\">\n\t\t\t\t\t\t<div class=\"elementor-element elementor-element-840ff90 elementor-widget elementor-widget-text-editor\" data-id=\"840ff90\" data-element_type=\"widget\" data-e-type=\"widget\" data-widget_type=\"text-editor.default\">\n\t\t\t\t\t\t\t\t\t<p data-start=\"708\" data-end=\"991\">Our aim is to make all communication <strong data-start=\"750\" data-end=\"785\">lear, factual,<\/strong> and understandable \u2013 always <strong data-start=\"807\" data-end=\"849\">respectful, neutral, and professional.<\/strong>. We know how important <strong data-start=\"880\" data-end=\"920\">a precise and reliable translation<\/strong> is for your personal, legal, or business matters.<\/p><p data-start=\"993\" data-end=\"1332\">With <strong data-start=\"997\" data-end=\"1037\">numerous projects across Europe<\/strong> we have built a broad network that enables us to offer <strong data-start=\"1103\" data-end=\"1132\">tailor-made solutions<\/strong> for every client. Whether you are <strong data-start=\"1174\" data-end=\"1197\">attending a trade fair<\/strong>, on a <strong data-start=\"1208\" data-end=\"1226\">business trip<\/strong> or keeping <strong data-start=\"1241\" data-end=\"1274\">official appointments<\/strong>we are there to <strong data-start=\"1293\" data-end=\"1319\">competently and flexibly<\/strong> zur Seite.<\/p>\t\t\t\t\t\t\t\t<\/div>\n\t\t\t\t\t<\/div>\n\t\t<\/div>\n\t\t\t\t\t<\/div>\n\t\t<\/section>\n\t\t\t\t\t<\/div>\n\t\t<\/div>\n\t\t\t\t\t<\/div>\n\t\t<\/section>\n\t\t\t\t<section class=\"elementor-section elementor-top-section elementor-element elementor-element-82a7ed0 elementor-section-full_width elementor-section-height-default elementor-section-height-default\" data-id=\"82a7ed0\" data-element_type=\"section\" data-e-type=\"section\" data-settings=\"{&quot;background_background&quot;:&quot;classic&quot;}\">\n\t\t\t\t\t\t\t<div class=\"elementor-background-overlay\"><\/div>\n\t\t\t\t\t\t\t<div class=\"elementor-container elementor-column-gap-default\">\n\t\t\t\t\t<div class=\"elementor-column elementor-col-100 elementor-top-column elementor-element elementor-element-27cf21d\" data-id=\"27cf21d\" data-element_type=\"column\" data-e-type=\"column\">\n\t\t\t<div class=\"elementor-widget-wrap elementor-element-populated\">\n\t\t\t\t\t\t<section class=\"elementor-section elementor-inner-section elementor-element elementor-element-9160626 elementor-section-boxed elementor-section-height-default elementor-section-height-default\" data-id=\"9160626\" data-element_type=\"section\" data-e-type=\"section\">\n\t\t\t\t\t\t<div class=\"elementor-container elementor-column-gap-default\">\n\t\t\t\t\t<div class=\"elementor-column elementor-col-33 elementor-inner-column elementor-element elementor-element-4600f7e\" data-id=\"4600f7e\" data-element_type=\"column\" data-e-type=\"column\" data-settings=\"{&quot;background_background&quot;:&quot;classic&quot;}\">\n\t\t\t<div class=\"elementor-widget-wrap\">\n\t\t\t\t\t\t\t<\/div>\n\t\t<\/div>\n\t\t\t\t<div class=\"elementor-column elementor-col-33 elementor-inner-column elementor-element elementor-element-86568c1\" data-id=\"86568c1\" data-element_type=\"column\" data-e-type=\"column\" data-settings=\"{&quot;background_background&quot;:&quot;classic&quot;}\">\n\t\t\t<div class=\"elementor-widget-wrap elementor-element-populated\">\n\t\t\t\t\t\t<div class=\"elementor-element elementor-element-f65bfc6 animated-slow elementor-invisible elementor-widget elementor-widget-heading\" data-id=\"f65bfc6\" data-element_type=\"widget\" data-e-type=\"widget\" data-settings=\"{&quot;_animation&quot;:&quot;fadeIn&quot;,&quot;_animation_delay&quot;:400}\" data-widget_type=\"heading.default\">\n\t\t\t\t\t<h2 class=\"elementor-heading-title elementor-size-default\">Our team<\/h2>\t\t\t\t<\/div>\n\t\t\t\t\t<\/div>\n\t\t<\/div>\n\t\t\t\t<div class=\"elementor-column elementor-col-33 elementor-inner-column elementor-element elementor-element-a4988b9\" data-id=\"a4988b9\" data-element_type=\"column\" data-e-type=\"column\">\n\t\t\t<div class=\"elementor-widget-wrap\">\n\t\t\t\t\t\t\t<\/div>\n\t\t<\/div>\n\t\t\t\t\t<\/div>\n\t\t<\/section>\n\t\t\t\t<section class=\"elementor-section elementor-inner-section elementor-element elementor-element-777220d elementor-section-boxed elementor-section-height-default elementor-section-height-default\" data-id=\"777220d\" data-element_type=\"section\" data-e-type=\"section\">\n\t\t\t\t\t\t<div class=\"elementor-container elementor-column-gap-default\">\n\t\t\t\t\t<div class=\"elementor-column elementor-col-100 elementor-inner-column elementor-element elementor-element-f5d4adc\" data-id=\"f5d4adc\" data-element_type=\"column\" data-e-type=\"column\" data-settings=\"{&quot;background_background&quot;:&quot;classic&quot;}\">\n\t\t\t<div class=\"elementor-widget-wrap elementor-element-populated\">\n\t\t\t\t\t\t<div class=\"elementor-element elementor-element-5918c39 elementor-widget elementor-widget-text-editor\" data-id=\"5918c39\" data-element_type=\"widget\" data-e-type=\"widget\" data-widget_type=\"text-editor.default\">\n\t\t\t\t\t\t\t\t\t<p>Behind <strong data-start=\"1360\" data-end=\"1398\">Global \u2013 Interpreting &amp; Translation Agency<\/strong> stand <strong>Orhan Celik<\/strong>, responsible for <strong data-start=\"1487\" data-end=\"1531\">strategic management and customer service<\/strong>, as well as <strong data-start=\"1539\" data-end=\"1572\">Hasan \u00d6zer<\/strong>, responsible for <strong data-start=\"1621\" data-end=\"1664\">Specialist coordination and operational deployments<\/strong>.<\/p>\t\t\t\t\t\t\t\t<\/div>\n\t\t\t\t\t<\/div>\n\t\t<\/div>\n\t\t\t\t\t<\/div>\n\t\t<\/section>\n\t\t\t\t<section class=\"elementor-section elementor-inner-section elementor-element elementor-element-0934a35 elementor-section-boxed elementor-section-height-default elementor-section-height-default\" data-id=\"0934a35\" data-element_type=\"section\" data-e-type=\"section\">\n\t\t\t\t\t\t<div class=\"elementor-container elementor-column-gap-default\">\n\t\t\t\t\t<div class=\"elementor-column elementor-col-50 elementor-inner-column elementor-element elementor-element-1c3eeed\" data-id=\"1c3eeed\" data-element_type=\"column\" data-e-type=\"column\" data-settings=\"{&quot;background_background&quot;:&quot;classic&quot;}\">\n\t\t\t<div class=\"elementor-widget-wrap elementor-element-populated\">\n\t\t\t\t\t\t<div class=\"elementor-element elementor-element-ce1d052 elementor-position-top elementor-widget elementor-widget-image-box\" data-id=\"ce1d052\" data-element_type=\"widget\" data-e-type=\"widget\" data-widget_type=\"image-box.default\">\n\t\t\t\t\t<div class=\"elementor-image-box-wrapper\"><figure class=\"elementor-image-box-img\"><img decoding=\"async\" width=\"1367\" height=\"2048\" src=\"https:\/\/dolmetscher-global.de\/wp-content\/uploads\/2026\/01\/Orhan.jpeg.png\" class=\"attachment-full size-full wp-image-381\" alt=\"\" srcset=\"https:\/\/dolmetscher-global.de\/wp-content\/uploads\/2026\/01\/Orhan.jpeg.png 1367w, https:\/\/dolmetscher-global.de\/wp-content\/uploads\/2026\/01\/Orhan.jpeg-200x300.png 200w, https:\/\/dolmetscher-global.de\/wp-content\/uploads\/2026\/01\/Orhan.jpeg-684x1024.png 684w, https:\/\/dolmetscher-global.de\/wp-content\/uploads\/2026\/01\/Orhan.jpeg-768x1151.png 768w, https:\/\/dolmetscher-global.de\/wp-content\/uploads\/2026\/01\/Orhan.jpeg-1025x1536.png 1025w\" sizes=\"(max-width: 1367px) 100vw, 1367px\" \/><\/figure><div class=\"elementor-image-box-content\"><h3 class=\"elementor-image-box-title\">Orhan Celik<\/h3><\/div><\/div>\t\t\t\t<\/div>\n\t\t\t\t\t<\/div>\n\t\t<\/div>\n\t\t\t\t<div class=\"elementor-column elementor-col-50 elementor-inner-column elementor-element elementor-element-16990f4\" data-id=\"16990f4\" data-element_type=\"column\" data-e-type=\"column\" data-settings=\"{&quot;background_background&quot;:&quot;classic&quot;}\">\n\t\t\t<div class=\"elementor-widget-wrap elementor-element-populated\">\n\t\t\t\t\t\t<div class=\"elementor-element elementor-element-faafdda elementor-position-top elementor-widget elementor-widget-image-box\" data-id=\"faafdda\" data-element_type=\"widget\" data-e-type=\"widget\" data-widget_type=\"image-box.default\">\n\t\t\t\t\t<div class=\"elementor-image-box-wrapper\"><figure class=\"elementor-image-box-img\"><img loading=\"lazy\" decoding=\"async\" width=\"1367\" height=\"2048\" src=\"https:\/\/dolmetscher-global.de\/wp-content\/uploads\/2026\/01\/Hasan.jpeg.png\" class=\"attachment-full size-full wp-image-380\" alt=\"\" srcset=\"https:\/\/dolmetscher-global.de\/wp-content\/uploads\/2026\/01\/Hasan.jpeg.png 1367w, https:\/\/dolmetscher-global.de\/wp-content\/uploads\/2026\/01\/Hasan.jpeg-200x300.png 200w, https:\/\/dolmetscher-global.de\/wp-content\/uploads\/2026\/01\/Hasan.jpeg-684x1024.png 684w, https:\/\/dolmetscher-global.de\/wp-content\/uploads\/2026\/01\/Hasan.jpeg-768x1151.png 768w, https:\/\/dolmetscher-global.de\/wp-content\/uploads\/2026\/01\/Hasan.jpeg-1025x1536.png 1025w\" sizes=\"(max-width: 1367px) 100vw, 1367px\" \/><\/figure><div class=\"elementor-image-box-content\"><h3 class=\"elementor-image-box-title\">Hasan \u00d6zer<\/h3><\/div><\/div>\t\t\t\t<\/div>\n\t\t\t\t\t<\/div>\n\t\t<\/div>\n\t\t\t\t\t<\/div>\n\t\t<\/section>\n\t\t\t\t<section class=\"elementor-section elementor-inner-section elementor-element elementor-element-a2e2d5f elementor-section-boxed elementor-section-height-default elementor-section-height-default\" data-id=\"a2e2d5f\" data-element_type=\"section\" data-e-type=\"section\">\n\t\t\t\t\t\t<div class=\"elementor-container elementor-column-gap-default\">\n\t\t\t\t\t<div class=\"elementor-column elementor-col-100 elementor-inner-column elementor-element elementor-element-6979128\" data-id=\"6979128\" data-element_type=\"column\" data-e-type=\"column\" data-settings=\"{&quot;background_background&quot;:&quot;classic&quot;}\">\n\t\t\t<div class=\"elementor-widget-wrap elementor-element-populated\">\n\t\t\t\t\t\t<div class=\"elementor-element elementor-element-5a598d2 elementor-widget elementor-widget-text-editor\" data-id=\"5a598d2\" data-element_type=\"widget\" data-e-type=\"widget\" data-widget_type=\"text-editor.default\">\n\t\t\t\t\t\t\t\t\t<p data-start=\"1669\" data-end=\"2013\">Thanks to our <strong data-start=\"1682\" data-end=\"1712\">over 10 years of experience<\/strong>, <strong data-start=\"1714\" data-end=\"1748\">qualified native speaker<\/strong> and <strong data-start=\"1753\" data-end=\"1784\">professional interpreter<\/strong> we guarantee a level of care that <strong data-start=\"1821\" data-end=\"1921\">from airport pickup to hotel and trade fair accompaniment to business appointments<\/strong> That's enough. Our goal is for you to feel <strong data-start=\"1963\" data-end=\"2003\">always well looked after and understood<\/strong> feel.<\/p><p data-start=\"2015\" data-end=\"2177\">We look forward to personally assisting you and your <strong data-start=\"2075\" data-end=\"2117\">to make communication successful<\/strong>, so that you can concentrate on what's essential.<\/p>\t\t\t\t\t\t\t\t<\/div>\n\t\t\t\t\t<\/div>\n\t\t<\/div>\n\t\t\t\t\t<\/div>\n\t\t<\/section>\n\t\t\t\t\t<\/div>\n\t\t<\/div>\n\t\t\t\t\t<\/div>\n\t\t<\/section>\n\t\t\t\t<\/div>","protected":false},"excerpt":{"rendered":"<p>Global Dolmetscher &amp; \u00dcbersetzungen \u00dcber uns Global Dolmetscher &amp; \u00dcbersetzungen steht seit \u00fcber 10 Jahren f\u00fcr professionelle Sprachdienstleistungen auf h\u00f6chstem Niveau. Wir haben uns auf beh\u00f6rdliche und kommunale Eins\u00e4tze, gesch\u00e4ftliche Begleitungen, Messe- und Konferenzservices sowie internationale \u00dcbersetzungen spezialisiert. Unser Anspruch ist es, jede Kommunikation klar, sachlich und verst\u00e4ndlich zu gestalten \u2013 immer respektvoll, neutral und [&hellip;]<\/p>\n","protected":false},"author":1,"featured_media":0,"parent":0,"menu_order":0,"comment_status":"closed","ping_status":"closed","template":"elementor_header_footer","meta":{"_eb_attr":"","footnotes":""},"class_list":["post-65","page","type-page","status-publish","hentry"],"_links":{"self":[{"href":"https:\/\/dolmetscher-global.de\/en\/wp-json\/wp\/v2\/pages\/65","targetHints":{"allow":["GET"]}}],"collection":[{"href":"https:\/\/dolmetscher-global.de\/en\/wp-json\/wp\/v2\/pages"}],"about":[{"href":"https:\/\/dolmetscher-global.de\/en\/wp-json\/wp\/v2\/types\/page"}],"author":[{"embeddable":true,"href":"https:\/\/dolmetscher-global.de\/en\/wp-json\/wp\/v2\/users\/1"}],"replies":[{"embeddable":true,"href":"https:\/\/dolmetscher-global.de\/en\/wp-json\/wp\/v2\/comments?post=65"}],"version-history":[{"count":25,"href":"https:\/\/dolmetscher-global.de\/en\/wp-json\/wp\/v2\/pages\/65\/revisions"}],"predecessor-version":[{"id":503,"href":"https:\/\/dolmetscher-global.de\/en\/wp-json\/wp\/v2\/pages\/65\/revisions\/503"}],"wp:attachment":[{"href":"https:\/\/dolmetscher-global.de\/en\/wp-json\/wp\/v2\/media?parent=65"}],"curies":[{"name":"wp","href":"https:\/\/api.w.org\/{rel}","templated":true}]}}