{"id":71,"date":"2026-01-11T14:11:10","date_gmt":"2026-01-11T14:11:10","guid":{"rendered":"http:\/\/projekt.dolmetscher-global.de\/wisetrips-booking-ticket-page\/"},"modified":"2026-02-27T21:12:05","modified_gmt":"2026-02-27T21:12:05","slug":"impressum","status":"publish","type":"page","link":"https:\/\/dolmetscher-global.de\/en\/impressum\/","title":{"rendered":"Imprint"},"content":{"rendered":"<div data-elementor-type=\"wp-page\" data-elementor-id=\"71\" class=\"elementor elementor-71\">\n\t\t\t\t\t\t<section class=\"elementor-section elementor-top-section elementor-element elementor-element-f142e04 elementor-section-full_width elementor-section-height-default elementor-section-height-default\" data-id=\"f142e04\" data-element_type=\"section\" data-e-type=\"section\" data-settings=\"{&quot;background_background&quot;:&quot;gradient&quot;}\">\n\t\t\t\t\t\t<div class=\"elementor-container elementor-column-gap-default\">\n\t\t\t\t\t<div class=\"elementor-column elementor-col-100 elementor-top-column elementor-element elementor-element-814895e\" data-id=\"814895e\" data-element_type=\"column\" data-e-type=\"column\">\n\t\t\t<div class=\"elementor-widget-wrap elementor-element-populated\">\n\t\t\t\t\t\t<section class=\"elementor-section elementor-inner-section elementor-element elementor-element-5e2e725 elementor-reverse-mobile elementor-section-boxed elementor-section-height-default elementor-section-height-default\" data-id=\"5e2e725\" data-element_type=\"section\" data-e-type=\"section\">\n\t\t\t\t\t\t<div class=\"elementor-container elementor-column-gap-no\">\n\t\t\t\t\t<div class=\"elementor-column elementor-col-100 elementor-inner-column elementor-element elementor-element-200e25f\" data-id=\"200e25f\" data-element_type=\"column\" data-e-type=\"column\">\n\t\t\t<div class=\"elementor-widget-wrap elementor-element-populated\">\n\t\t\t\t\t\t<div class=\"elementor-element elementor-element-6e2dec0 animated-slow elementor-invisible elementor-widget elementor-widget-heading\" data-id=\"6e2dec0\" data-element_type=\"widget\" data-e-type=\"widget\" data-settings=\"{&quot;_animation&quot;:&quot;fadeInRight&quot;}\" data-widget_type=\"heading.default\">\n\t\t\t\t\t<span class=\"elementor-heading-title elementor-size-default\">Global \u2013 Interpreting &amp; Translation Agency<\/span>\t\t\t\t<\/div>\n\t\t\t\t<div class=\"elementor-element elementor-element-54546a0 animated-slow elementor-invisible elementor-widget elementor-widget-heading\" data-id=\"54546a0\" data-element_type=\"widget\" data-e-type=\"widget\" data-settings=\"{&quot;_animation&quot;:&quot;fadeIn&quot;,&quot;_animation_delay&quot;:400}\" data-widget_type=\"heading.default\">\n\t\t\t\t\t<h1 class=\"elementor-heading-title elementor-size-default\">Imprint<\/h1>\t\t\t\t<\/div>\n\t\t\t\t\t<\/div>\n\t\t<\/div>\n\t\t\t\t\t<\/div>\n\t\t<\/section>\n\t\t\t\t\t<\/div>\n\t\t<\/div>\n\t\t\t\t\t<\/div>\n\t\t<\/section>\n\t\t\t\t<section class=\"elementor-section elementor-top-section elementor-element elementor-element-605111e elementor-section-full_width elementor-section-height-default elementor-section-height-default\" data-id=\"605111e\" data-element_type=\"section\" data-e-type=\"section\" data-settings=\"{&quot;background_background&quot;:&quot;classic&quot;}\">\n\t\t\t\t\t\t\t<div class=\"elementor-background-overlay\"><\/div>\n\t\t\t\t\t\t\t<div class=\"elementor-container elementor-column-gap-no\">\n\t\t\t\t\t<div class=\"elementor-column elementor-col-100 elementor-top-column elementor-element elementor-element-d871dfe\" data-id=\"d871dfe\" data-element_type=\"column\" data-e-type=\"column\">\n\t\t\t<div class=\"elementor-widget-wrap elementor-element-populated\">\n\t\t\t\t\t\t<section class=\"elementor-section elementor-inner-section elementor-element elementor-element-d3c91a0 elementor-section-boxed elementor-section-height-default elementor-section-height-default\" data-id=\"d3c91a0\" data-element_type=\"section\" data-e-type=\"section\">\n\t\t\t\t\t\t<div class=\"elementor-container elementor-column-gap-default\">\n\t\t\t\t\t<div class=\"elementor-column elementor-col-100 elementor-inner-column elementor-element elementor-element-343b88c\" data-id=\"343b88c\" data-element_type=\"column\" data-e-type=\"column\" data-settings=\"{&quot;background_background&quot;:&quot;classic&quot;}\">\n\t\t\t<div class=\"elementor-widget-wrap elementor-element-populated\">\n\t\t\t\t\t\t<div class=\"elementor-element elementor-element-53f6e57 elementor-widget elementor-widget-heading\" data-id=\"53f6e57\" data-element_type=\"widget\" data-e-type=\"widget\" data-widget_type=\"heading.default\">\n\t\t\t\t\t<h3 class=\"elementor-heading-title elementor-size-default\">Imprint<\/h3>\t\t\t\t<\/div>\n\t\t\t\t<div class=\"elementor-element elementor-element-fec8e69 elementor-widget elementor-widget-text-editor\" data-id=\"fec8e69\" data-element_type=\"widget\" data-e-type=\"widget\" data-widget_type=\"text-editor.default\">\n\t\t\t\t\t\t\t\t\t<p>Global \u2013 Interpreting &amp; Translation Agency<\/p><p>Hasan \u00d6zer<\/p><p>Rotthauser Str. 3<br \/>45879 Gelsenkirchen<\/p><p><strong data-start=\"259\" data-end=\"282\">Zweitstandort Moers<\/strong><br data-start=\"282\" data-end=\"285\" \/>Homberger Str. 287<br data-start=\"305\" data-end=\"308\" \/>47443 Moers<\/p><p><strong>Contact<\/strong><\/p><p>Telefon: +49 (0) 209 940 444 423<br \/>Telefax: +49 (0) 177 621 0075<br \/>E-Mail: info@dolmetscher-global.de<\/p><p>\u00a0<\/p><p><strong>Berufsbezeichnung und berufsrechtliche Regelungen<\/strong><\/p><p>Berufsbezeichnung:<br \/>Dienstleistung<\/p><p><strong>Redaktionell verantwortlich<\/strong><\/p><p>Hasan \u00d6zer<br \/>Rotthauser Str. 3<br \/>45879 Gelsenkirchen<\/p><p><strong>Verbraucherstreitbeilegung\/Universalschlichtungsstelle<\/strong><\/p><p>Wir sind nicht bereit oder verpflichtet, an Streitbeilegungsverfahren vor einer<br \/>Verbraucherschlichtungsstelle teilzunehmen.<\/p><p><strong>Haftungsausschluss<\/strong>:<br \/>Trotz sorgf\u00e4ltiger inhaltlicher Kontrolle \u00fcbernehmen wir keine Haftung f\u00fcr die Inhalte externer Links. F\u00fcr den Inhalt der verlinkten Seiten sind ausschliesslich deren Betreiber verantwortlich.<\/p><p><em>Quelle:<\/em><br \/><em>https:\/\/www.e-recht24.de\/impressum-generator.html<\/em><\/p>\t\t\t\t\t\t\t\t<\/div>\n\t\t\t\t\t<\/div>\n\t\t<\/div>\n\t\t\t\t\t<\/div>\n\t\t<\/section>\n\t\t\t\t\t<\/div>\n\t\t<\/div>\n\t\t\t\t\t<\/div>\n\t\t<\/section>\n\t\t\t\t<\/div>","protected":false},"excerpt":{"rendered":"<p>Global \u2013 Dolmetscher- &amp; \u00dcbersetzungsb\u00fcro Impressum Impressum Global \u2013 Dolmetscher- &amp; \u00dcbersetzungsb\u00fcro Hasan \u00d6zer Rotthauser Str. 345879 Gelsenkirchen Zweitstandort MoersHomberger Str. 28747443 Moers Kontakt Telefon: +49 (0) 209 940 444 423Telefax: +49 (0) 177 621 0075E-Mail: info@dolmetscher-global.de \u00a0 Berufsbezeichnung und berufsrechtliche Regelungen Berufsbezeichnung:Dienstleistung Redaktionell verantwortlich Hasan \u00d6zerRotthauser Str. 345879 Gelsenkirchen Verbraucherstreitbeilegung\/Universalschlichtungsstelle Wir sind nicht bereit [&hellip;]<\/p>\n","protected":false},"author":1,"featured_media":0,"parent":0,"menu_order":0,"comment_status":"closed","ping_status":"closed","template":"elementor_header_footer","meta":{"_eb_attr":"","footnotes":""},"class_list":["post-71","page","type-page","status-publish","hentry"],"_links":{"self":[{"href":"https:\/\/dolmetscher-global.de\/en\/wp-json\/wp\/v2\/pages\/71","targetHints":{"allow":["GET"]}}],"collection":[{"href":"https:\/\/dolmetscher-global.de\/en\/wp-json\/wp\/v2\/pages"}],"about":[{"href":"https:\/\/dolmetscher-global.de\/en\/wp-json\/wp\/v2\/types\/page"}],"author":[{"embeddable":true,"href":"https:\/\/dolmetscher-global.de\/en\/wp-json\/wp\/v2\/users\/1"}],"replies":[{"embeddable":true,"href":"https:\/\/dolmetscher-global.de\/en\/wp-json\/wp\/v2\/comments?post=71"}],"version-history":[{"count":26,"href":"https:\/\/dolmetscher-global.de\/en\/wp-json\/wp\/v2\/pages\/71\/revisions"}],"predecessor-version":[{"id":533,"href":"https:\/\/dolmetscher-global.de\/en\/wp-json\/wp\/v2\/pages\/71\/revisions\/533"}],"wp:attachment":[{"href":"https:\/\/dolmetscher-global.de\/en\/wp-json\/wp\/v2\/media?parent=71"}],"curies":[{"name":"wp","href":"https:\/\/api.w.org\/{rel}","templated":true}]}}